{"id":3548,"date":"2025-01-22T11:54:31","date_gmt":"2025-01-22T11:54:31","guid":{"rendered":"https:\/\/mooddie.pt\/?page_id=3548"},"modified":"2025-02-13T14:56:38","modified_gmt":"2025-02-13T14:56:38","slug":"implementacao-de-um-data-lake-100-open-source","status":"publish","type":"page","link":"https:\/\/mooddie.pt\/pt\/cases\/implementacao-de-um-data-lake-100-open-source\/","title":{"rendered":"Implementa\u00e7\u00e3o de um Data Lake 100% Open-Source"},"content":{"rendered":"[vc_row type=&#8221;full_width_background&#8221; full_screen_row_position=&#8221;middle&#8221; column_margin=&#8221;default&#8221; column_direction=&#8221;default&#8221; column_direction_tablet=&#8221;default&#8221; column_direction_phone=&#8221;default&#8221; bg_image=&#8221;3503&#8243; bg_position=&#8221;center center&#8221; background_image_loading=&#8221;default&#8221; bg_repeat=&#8221;no-repeat&#8221; scene_position=&#8221;center&#8221; mouse_sensitivity=&#8221;25&#8243; layer_one_image=&#8221;2775&#8243; text_color=&#8221;light&#8221; text_align=&#8221;center&#8221; row_border_radius=&#8221;none&#8221; row_border_radius_applies=&#8221;bg&#8221; overflow=&#8221;visible&#8221; overlay_strength=&#8221;0.3&#8243; gradient_direction=&#8221;left_to_right&#8221; enable_shape_divider=&#8221;true&#8221; shape_divider_color=&#8221;#ffffff&#8221; shape_divider_position=&#8221;bottom&#8221; shape_divider_height=&#8221;90px&#8221; bg_image_animation=&#8221;none&#8221; gradient_type=&#8221;default&#8221; shape_type=&#8221;tilt_alt&#8221;][vc_column top_padding_desktop=&#8221;200px&#8221; bottom_padding_desktop=&#8221;140px&#8221; column_element_direction_desktop=&#8221;default&#8221; column_element_spacing=&#8221;default&#8221; centered_text=&#8221;true&#8221; desktop_text_alignment=&#8221;default&#8221; tablet_text_alignment=&#8221;default&#8221; phone_text_alignment=&#8221;default&#8221; background_color_opacity=&#8221;1&#8243; background_hover_color_opacity=&#8221;1&#8243; column_backdrop_filter=&#8221;none&#8221; column_shadow=&#8221;none&#8221; column_border_radius=&#8221;none&#8221; column_link_target=&#8221;_self&#8221; column_position=&#8221;default&#8221; gradient_direction=&#8221;left_to_right&#8221; overlay_strength=&#8221;0.3&#8243; width=&#8221;1\/1&#8243; tablet_width_inherit=&#8221;default&#8221; animation_type=&#8221;default&#8221; bg_image_animation=&#8221;none&#8221; border_type=&#8221;simple&#8221; column_border_width=&#8221;none&#8221; column_border_style=&#8221;solid&#8221; column_padding_type=&#8221;advanced&#8221; gradient_type=&#8221;default&#8221;][nectar_responsive_text inherited_font_style=&#8221;default&#8221; text_color=&#8221;#ffffff&#8221; font_size_desktop=&#8221;66px&#8221; font_line_height=&#8221;70px&#8221; text_direction=&#8221;default&#8221; class_name=&#8221;fontinter&#8221;]\n<p style=\"text-align: center;\">Beyond solutions<br \/>\nthere\u2019s <span style=\"color: #00e2e0;\">knowledge<\/span><\/p>\n[\/nectar_responsive_text][\/vc_column][\/vc_row][vc_row type=&#8221;in_container&#8221; full_screen_row_position=&#8221;middle&#8221; column_margin=&#8221;default&#8221; column_direction=&#8221;default&#8221; column_direction_tablet=&#8221;default&#8221; column_direction_phone=&#8221;default&#8221; bg_color=&#8221;#ffffff&#8221; scene_position=&#8221;center&#8221; left_padding_phone=&#8221;30&#8243; right_padding_phone=&#8221;30&#8243; text_color=&#8221;dark&#8221; text_align=&#8221;left&#8221; row_border_radius=&#8221;none&#8221; row_border_radius_applies=&#8221;bg&#8221; overflow=&#8221;visible&#8221; class=&#8221;box_cases&#8221; overlay_strength=&#8221;0.3&#8243; gradient_direction=&#8221;left_to_right&#8221; shape_divider_position=&#8221;bottom&#8221; bg_image_animation=&#8221;none&#8221; gradient_type=&#8221;default&#8221; shape_type=&#8221;&#8221;][vc_column column_padding=&#8221;no-extra-padding&#8221; column_padding_tablet=&#8221;inherit&#8221; column_padding_phone=&#8221;inherit&#8221; column_padding_position=&#8221;all&#8221; column_element_direction_desktop=&#8221;default&#8221; column_element_spacing=&#8221;default&#8221; desktop_text_alignment=&#8221;right&#8221; tablet_text_alignment=&#8221;default&#8221; phone_text_alignment=&#8221;default&#8221; background_color_opacity=&#8221;1&#8243; background_hover_color_opacity=&#8221;1&#8243; column_backdrop_filter=&#8221;none&#8221; column_shadow=&#8221;none&#8221; column_border_radius=&#8221;none&#8221; column_link_target=&#8221;_self&#8221; column_position=&#8221;default&#8221; gradient_direction=&#8221;left_to_right&#8221; overlay_strength=&#8221;0.3&#8243; width=&#8221;1\/1&#8243; tablet_width_inherit=&#8221;default&#8221; animation_type=&#8221;default&#8221; bg_image_animation=&#8221;none&#8221; border_type=&#8221;simple&#8221; column_border_width=&#8221;none&#8221; column_border_style=&#8221;solid&#8221; column_padding_type=&#8221;default&#8221; gradient_type=&#8221;default&#8221;][nectar_btn size=&#8221;small&#8221; button_style=&#8221;regular&#8221; button_color_2=&#8221;Accent-Color&#8221; icon_family=&#8221;fontawesome&#8221; el_class=&#8221;roundbtn&#8221; text=&#8221;Voltar aos casos de estudo&#8221; url=&#8221;\/pt\/cases&#8221; icon_fontawesome=&#8221;fa fa-chevron-left&#8221; margin_top=&#8221;80&#8243;][\/vc_column][\/vc_row][vc_row type=&#8221;in_container&#8221; full_screen_row_position=&#8221;middle&#8221; column_margin=&#8221;default&#8221; column_direction=&#8221;default&#8221; column_direction_tablet=&#8221;default&#8221; column_direction_phone=&#8221;default&#8221; bg_color=&#8221;#ffffff&#8221; scene_position=&#8221;center&#8221; top_padding=&#8221;40&#8243; bottom_padding=&#8221;80&#8243; left_padding_phone=&#8221;30&#8243; right_padding_phone=&#8221;30&#8243; text_color=&#8221;dark&#8221; text_align=&#8221;left&#8221; row_border_radius=&#8221;none&#8221; row_border_radius_applies=&#8221;bg&#8221; overflow=&#8221;visible&#8221; class=&#8221;textjustify box_cases&#8221; overlay_strength=&#8221;0.3&#8243; gradient_direction=&#8221;left_to_right&#8221; shape_divider_position=&#8221;bottom&#8221; bg_image_animation=&#8221;none&#8221; gradient_type=&#8221;default&#8221; shape_type=&#8221;&#8221;][vc_column column_padding=&#8221;no-extra-padding&#8221; column_padding_tablet=&#8221;inherit&#8221; column_padding_phone=&#8221;inherit&#8221; column_padding_position=&#8221;all&#8221; column_element_direction_desktop=&#8221;default&#8221; column_element_spacing=&#8221;default&#8221; desktop_text_alignment=&#8221;default&#8221; tablet_text_alignment=&#8221;default&#8221; phone_text_alignment=&#8221;default&#8221; background_color=&#8221;#ffffff&#8221; background_color_opacity=&#8221;1&#8243; background_color_hover=&#8221;#ffffff&#8221; background_hover_color_opacity=&#8221;1&#8243; column_backdrop_filter=&#8221;none&#8221; column_shadow=&#8221;none&#8221; column_border_radius=&#8221;none&#8221; column_link_target=&#8221;_self&#8221; column_position=&#8221;default&#8221; gradient_direction=&#8221;left_to_right&#8221; overlay_strength=&#8221;0.3&#8243; width=&#8221;1\/1&#8243; tablet_width_inherit=&#8221;default&#8221; animation_type=&#8221;default&#8221; bg_image_animation=&#8221;none&#8221; border_type=&#8221;simple&#8221; column_border_width=&#8221;none&#8221; column_border_style=&#8221;solid&#8221; column_padding_type=&#8221;default&#8221; gradient_type=&#8221;default&#8221;][nectar_responsive_text inherited_font_style=&#8221;h3&#8243; text_color=&#8221;#000000&#8243; text_direction=&#8221;default&#8221; font_size_desktop=&#8221;28px&#8221;]\n<h3><span style=\"color: #0069ff;\">Implementa\u00e7\u00e3o de um<\/span> Data Lake 100% Open-Source<\/h3>\n[\/nectar_responsive_text][divider line_type=&#8221;No Line&#8221; custom_height=&#8221;60px&#8221;][nectar_responsive_text inherited_font_style=&#8221;h4&#8243; text_color=&#8221;#0069ff&#8221; text_direction=&#8221;default&#8221; font_size_desktop=&#8221;24px&#8221;]\n<h4>Introdu\u00e7\u00e3o<\/h4>\n[\/nectar_responsive_text][vc_column_text css=&#8221;&#8221; text_direction=&#8221;default&#8221;]Para impulsionar a rentabilidade e a inova\u00e7\u00e3o digital, o nosso cliente, uma entidade financeira (Banco), apostou na moderniza\u00e7\u00e3o da sua infraestrutura de dados impulsionando a sua efici\u00eancia operacional, rentabilidade e disrup\u00e7\u00e3o digital. A significativa complexidade em integrar dados estruturados e n\u00e3o estruturados para an\u00e1lises preditivas e efici\u00eancia das suas estrat\u00e9gias de cross-selling, era um desafio crucial.<br \/>\nComo a Mooddie Digital Data Consulting (Mooddie) ajudou o seu cliente a transformar a sua infraestrutura de dados, fornecendo uma solu\u00e7\u00e3o moderna e escal\u00e1vel, um Data Lake 100% open-source, que impulsionou o cross-selling de produtos. <strong>Descubra como!<\/strong>[\/vc_column_text][divider line_type=&#8221;No Line&#8221; custom_height=&#8221;60px&#8221;][nectar_responsive_text inherited_font_style=&#8221;h4&#8243; text_color=&#8221;#0069ff&#8221; text_direction=&#8221;default&#8221; font_size_desktop=&#8221;24px&#8221;]\n<h4>O Desafio:<br \/>\n<span style=\"color: #000;\">Infraestrutura de Dados Complexa<\/span><\/h4>\n[\/nectar_responsive_text][vc_column_text css=&#8221;&#8221; text_direction=&#8221;default&#8221;]O cliente enfrentava dificuldades relacionadas com a gest\u00e3o e an\u00e1lise de grandes volumes de dados. A aus\u00eancia de uma infraestrutura adequada dificultava a obten\u00e7\u00e3o de insights valiosos tornando dif\u00edcil a an\u00e1lise de comportamento e a defini\u00e7\u00e3o de ofertas direcionadas. Era crucial uma solu\u00e7\u00e3o que garantisse armazenamento e processamento eficientes, al\u00e9m da flexibilidade, seguran\u00e7a, escalabilidade e sobretudo, acesso r\u00e1pido \u00e0 informa\u00e7\u00e3o e aos respetivos indicadores relevantes para cada situa\u00e7\u00e3o.<\/p>\n<p>Como a Mooddie ajudou o seu cliente a transformar a sua infraestrutura de dados, fornecendo uma solu\u00e7\u00e3o moderna e escal\u00e1vel, um Data Lake 100% open-source, que impulsionou o cross-selling de produtos.[\/vc_column_text][divider line_type=&#8221;No Line&#8221; custom_height=&#8221;60px&#8221;][nectar_responsive_text inherited_font_style=&#8221;h4&#8243; text_color=&#8221;#0069ff&#8221; text_direction=&#8221;default&#8221; font_size_desktop=&#8221;24px&#8221;]\n<h4>A Solu\u00e7\u00e3o<br \/>\n<span style=\"color: #000;\">Data Lake Estruturado para Cross-Selling, 100% Open-Source<\/span><\/h4>\n[\/nectar_responsive_text][vc_column_text css=&#8221;&#8221; text_direction=&#8221;default&#8221;]A Mooddie projetou e implementou uma arquitetura moderna de Big Data que centralizou, consolidou e organizou os dados estruturados e n\u00e3o estruturados, de forma eficiente, fornecendo uma base s\u00f3lida para an\u00e1lises detalhadas e indicadores essenciais para o cross-selling de produtos e servi\u00e7osdo banco, onde se destacou 3 principais pilares no processo de implementa\u00e7\u00e3o:[\/vc_column_text][divider line_type=&#8221;No Line&#8221; custom_height=&#8221;30px&#8221;][vc_column_text css=&#8221;&#8221; text_direction=&#8221;default&#8221;]<strong style=\"color: #000; font-size: 18px;\">1. Desenho de uma Arquitetura Moderna e Escal\u00e1vel<\/strong><br \/>\n<span style=\"padding-left: 22px; display: block;\">Constru\u00edmos uma arquitetura de Big Data baseada em tecnologias atuais e open-source, como Apache Spark, Kafka, Hadoop\/HDFS, Apache HOP e Kubernetes, garantindo processamento em tempo real e armazenamento otimizado.<\/span><br \/>\n<strong style=\"color: #000; font-size: 18px;\">2. Integra\u00e7\u00e3o de Fontes de Dados<\/strong><br \/>\n<span style=\"padding-left: 22px; display: block;\">Dados de v\u00e1rias fontes internas foram consolidados em camadas estruturadas (bronze, silver e gold).Cada tabela foi analisada, reorganizada e ajustada para permitir cruzamentos precisos e relevantes.<\/span><br \/>\n<strong style=\"color: #000; font-size: 18px;\">3. Desenvolvimento de Indicadores Personalizados<\/strong><br \/>\n<span style=\"padding-left: 22px; display: block;\">Com base nas necessidades do cliente, foram definidos indicadores espec\u00edficos para avalia\u00e7\u00e3o de elegibilidade para aplica\u00e7\u00e3o de estrat\u00e9gias de cross-selling. Tendo sido desenvolvidos dashbaords din\u00e2micos e intuitivos, apresentando uma vis\u00e3o clara do desempenho dos indicadores.<\/span>[\/vc_column_text][divider line_type=&#8221;No Line&#8221; custom_height=&#8221;60px&#8221;][nectar_responsive_text inherited_font_style=&#8221;h4&#8243; text_color=&#8221;#0069ff&#8221; text_direction=&#8221;default&#8221; font_size_desktop=&#8221;24px&#8221;]\n<h4>O Resultado<\/h4>\n[\/nectar_responsive_text][vc_column_text css=&#8221;&#8221; text_direction=&#8221;default&#8221;]<strong style=\"color: #000; font-size: 18px;\">Cross-Selling Baseado em Dados<\/strong><br \/>\n<span style=\"padding-left: 22px; display: block;\">O cliente passou a identificar, de forma autom\u00e1tica, clientes com maior potencial para adquirir novos produtos, aumentando a taxa de convers\u00e3o de campanhas.<\/span><br \/>\n<strong style=\"color: #000; font-size: 18px;\">Melhoria na Gest\u00e3o de Relacionamento com o Cliente<\/strong><br \/>\n<span style=\"padding-left: 22px; display: block;\">Com uma vis\u00e3o integrada de cada cliente, a equipa do cliente conseguiu oferecer produtos personalizados e criar campanhas mais relevantes.<\/span><br \/>\n<strong style=\"color: #000; font-size: 18px;\">Decis\u00f5es Baseadas em Indicadores Fi\u00e1veis<\/strong><br \/>\n<span style=\"padding-left: 22px; display: block;\">Indicadores precisos e atualizados em tempo real permitiram decis\u00f5es estrat\u00e9gicas r\u00e1pidas e informadas.<\/span><br \/>\n<strong style=\"color: #000; font-size: 18px;\">Celeridade na obten\u00e7\u00e3o da informa\u00e7\u00e3o<\/strong><br \/>\n<span style=\"padding-left: 22px; display: block;\">A arquitetura implementada garante celeridade na obten\u00e7\u00e3o de grandes volumes de dados, possibilitando o lan\u00e7amento r\u00e1pido de campanhas e refor\u00e7ando a competitividade do banco.<\/span>[\/vc_column_text][divider line_type=&#8221;No Line&#8221; custom_height=&#8221;60px&#8221;][image_with_animation image_url=&#8221;3554&#8243; image_size=&#8221;full&#8221; animation_type=&#8221;entrance&#8221; animation=&#8221;None&#8221; animation_movement_type=&#8221;transform_y&#8221; hover_animation=&#8221;none&#8221; alignment=&#8221;center&#8221; border_radius=&#8221;none&#8221; box_shadow=&#8221;none&#8221; image_loading=&#8221;default&#8221; max_width=&#8221;100%&#8221; max_width_mobile=&#8221;default&#8221;][divider line_type=&#8221;No Line&#8221; custom_height=&#8221;60px&#8221;][nectar_responsive_text inherited_font_style=&#8221;h4&#8243; text_color=&#8221;#0069ff&#8221; text_direction=&#8221;default&#8221; font_size_desktop=&#8221;24px&#8221;]\n<h4>Conclus\u00e3o:<\/h4>\n[\/nectar_responsive_text][nectar_responsive_text inherited_font_style=&#8221;h4&#8243; text_color=&#8221;#000000&#8243; text_direction=&#8221;default&#8221; font_size_desktop=&#8221;24px&#8221;]\n<h4>Infraestrutura de Dados Pronta para o Futuro<\/h4>\n[\/nectar_responsive_text][vc_column_text css=&#8221;&#8221; text_direction=&#8221;default&#8221;]A implementa\u00e7\u00e3o do Data Lake resultou numa infraestrutura de integra\u00e7\u00e3o de dados robusta, capaz de consolidar m\u00faltiplas fontes de informa\u00e7\u00e3o de forma estruturada, eficiente e c\u00e9lere. A arquitetura moderna foi desenhada para garantir escalabilidade e flexibilidade, estando preparada para uma poss\u00edvel migra\u00e7\u00e3o para a cloud que se entende vir a ser o futuro. De qualquer forma, o nosso cliente encontra-se agora equipado, para processar grandes volumes de dados, criar indicadores personalizados, desenvolver an\u00e1lises avan\u00e7adas, permitindo o lan\u00e7amento de campanhas com agilidade, promovendo decis\u00f5es estrat\u00e9gicas informadas e impulsionando a inova\u00e7\u00e3o cont\u00ednua. [\/vc_column_text][\/vc_column][\/vc_row][vc_row type=&#8221;full_width_content&#8221; full_screen_row_position=&#8221;middle&#8221; column_margin=&#8221;default&#8221; column_direction=&#8221;default&#8221; column_direction_tablet=&#8221;default&#8221; column_direction_phone=&#8221;default&#8221; bg_color=&#8221;#0069ff&#8221; scene_position=&#8221;center&#8221; text_color=&#8221;dark&#8221; text_align=&#8221;left&#8221; row_border_radius=&#8221;none&#8221; row_border_radius_applies=&#8221;bg&#8221; overflow=&#8221;visible&#8221; overlay_strength=&#8221;0.3&#8243; gradient_direction=&#8221;left_to_right&#8221; enable_shape_divider=&#8221;true&#8221; shape_divider_color=&#8221;#ffffff&#8221; shape_divider_position=&#8221;top&#8221; shape_divider_height=&#8221;40px&#8221; shape_divider_bring_to_front=&#8221;true&#8221; bg_image_animation=&#8221;none&#8221; gradient_type=&#8221;default&#8221; shape_type=&#8221;tilt_alt&#8221;][vc_column top_padding_desktop=&#8221;80px&#8221; bottom_padding_desktop=&#8221;100px&#8221; column_element_direction_desktop=&#8221;default&#8221; column_element_spacing=&#8221;default&#8221; centered_text=&#8221;true&#8221; desktop_text_alignment=&#8221;default&#8221; tablet_text_alignment=&#8221;default&#8221; phone_text_alignment=&#8221;default&#8221; background_color_opacity=&#8221;1&#8243; background_hover_color_opacity=&#8221;1&#8243; column_backdrop_filter=&#8221;none&#8221; column_shadow=&#8221;none&#8221; column_border_radius=&#8221;none&#8221; column_link_target=&#8221;_self&#8221; column_position=&#8221;default&#8221; gradient_direction=&#8221;left_to_right&#8221; overlay_strength=&#8221;0.3&#8243; width=&#8221;1\/1&#8243; tablet_width_inherit=&#8221;default&#8221; animation_type=&#8221;default&#8221; bg_image_animation=&#8221;none&#8221; border_type=&#8221;simple&#8221; column_border_width=&#8221;none&#8221; column_border_style=&#8221;solid&#8221; column_padding_type=&#8221;advanced&#8221; gradient_type=&#8221;default&#8221;][vc_row_inner column_margin=&#8221;default&#8221; column_direction=&#8221;default&#8221; column_direction_tablet=&#8221;default&#8221; column_direction_phone=&#8221;default&#8221; text_align=&#8221;center&#8221; row_position=&#8221;default&#8221; row_position_tablet=&#8221;inherit&#8221; row_position_phone=&#8221;inherit&#8221; overflow=&#8221;visible&#8221; pointer_events=&#8221;all&#8221;][vc_column_inner column_padding=&#8221;no-extra-padding&#8221; column_padding_tablet=&#8221;inherit&#8221; column_padding_phone=&#8221;inherit&#8221; column_padding_position=&#8221;all&#8221; column_element_direction_desktop=&#8221;default&#8221; column_element_spacing=&#8221;default&#8221; desktop_text_alignment=&#8221;default&#8221; tablet_text_alignment=&#8221;default&#8221; phone_text_alignment=&#8221;default&#8221; background_color_opacity=&#8221;1&#8243; background_hover_color_opacity=&#8221;1&#8243; column_backdrop_filter=&#8221;none&#8221; column_shadow=&#8221;none&#8221; column_border_radius=&#8221;none&#8221; column_link_target=&#8221;_self&#8221; overflow=&#8221;visible&#8221; gradient_direction=&#8221;left_to_right&#8221; overlay_strength=&#8221;0.3&#8243; width=&#8221;1\/3&#8243; tablet_width_inherit=&#8221;default&#8221; animation_type=&#8221;default&#8221; bg_image_animation=&#8221;none&#8221; border_type=&#8221;simple&#8221; column_border_width=&#8221;none&#8221; column_border_style=&#8221;solid&#8221;][image_with_animation image_url=&#8221;3546&#8243; image_size=&#8221;full&#8221; animation_type=&#8221;entrance&#8221; animation=&#8221;None&#8221; animation_movement_type=&#8221;transform_y&#8221; hover_animation=&#8221;none&#8221; alignment=&#8221;center&#8221; border_radius=&#8221;none&#8221; box_shadow=&#8221;none&#8221; image_loading=&#8221;default&#8221; max_width=&#8221;custom&#8221; max_width_custom=&#8221;140px&#8221;][divider line_type=&#8221;No Line&#8221; custom_height=&#8221;15&#8243;][nectar_responsive_text inherited_font_style=&#8221;default&#8221; text_color=&#8221;#ffffff&#8221; font_size_desktop=&#8221;13px&#8221; text_direction=&#8221;default&#8221; font_line_height=&#8221;16px&#8221;]<span style=\"font-weight: 100;\">Transforma\u00e7\u00e3o Inteligente<br \/>\n<\/span><span style=\"font-weight: 100;\">de Dados Digitais<\/span>[\/nectar_responsive_text][\/vc_column_inner][vc_column_inner column_padding=&#8221;no-extra-padding&#8221; column_padding_tablet=&#8221;inherit&#8221; column_padding_phone=&#8221;inherit&#8221; column_padding_position=&#8221;all&#8221; column_element_direction_desktop=&#8221;default&#8221; column_element_spacing=&#8221;default&#8221; desktop_text_alignment=&#8221;default&#8221; tablet_text_alignment=&#8221;default&#8221; phone_text_alignment=&#8221;default&#8221; background_color_opacity=&#8221;1&#8243; background_hover_color_opacity=&#8221;1&#8243; column_backdrop_filter=&#8221;none&#8221; column_shadow=&#8221;none&#8221; column_border_radius=&#8221;none&#8221; column_link_target=&#8221;_self&#8221; overflow=&#8221;visible&#8221; gradient_direction=&#8221;left_to_right&#8221; overlay_strength=&#8221;0.3&#8243; width=&#8221;1\/3&#8243; tablet_width_inherit=&#8221;default&#8221; animation_type=&#8221;default&#8221; bg_image_animation=&#8221;none&#8221; border_type=&#8221;simple&#8221; column_border_width=&#8221;none&#8221; column_border_style=&#8221;solid&#8221;][image_with_animation image_url=&#8221;3560&#8243; image_size=&#8221;full&#8221; animation_type=&#8221;entrance&#8221; animation=&#8221;None&#8221; animation_movement_type=&#8221;transform_y&#8221; hover_animation=&#8221;none&#8221; alignment=&#8221;center&#8221; border_radius=&#8221;none&#8221; box_shadow=&#8221;none&#8221; image_loading=&#8221;default&#8221; max_width=&#8221;custom&#8221; max_width_custom=&#8221;140px&#8221;][divider line_type=&#8221;No Line&#8221; custom_height=&#8221;15&#8243;][nectar_responsive_text inherited_font_style=&#8221;default&#8221; text_color=&#8221;#ffffff&#8221; font_size_desktop=&#8221;13px&#8221; text_direction=&#8221;default&#8221; font_line_height=&#8221;16px&#8221;]<span style=\"font-weight: 100;\">Estrat\u00e9gias e Arquitetura de TI<\/span>[\/nectar_responsive_text][\/vc_column_inner][vc_column_inner column_padding=&#8221;no-extra-padding&#8221; column_padding_tablet=&#8221;inherit&#8221; column_padding_phone=&#8221;inherit&#8221; column_padding_position=&#8221;all&#8221; column_element_direction_desktop=&#8221;default&#8221; column_element_spacing=&#8221;default&#8221; desktop_text_alignment=&#8221;default&#8221; tablet_text_alignment=&#8221;default&#8221; phone_text_alignment=&#8221;default&#8221; background_color_opacity=&#8221;1&#8243; background_hover_color_opacity=&#8221;1&#8243; column_backdrop_filter=&#8221;none&#8221; column_shadow=&#8221;none&#8221; column_border_radius=&#8221;none&#8221; column_link_target=&#8221;_self&#8221; overflow=&#8221;visible&#8221; gradient_direction=&#8221;left_to_right&#8221; overlay_strength=&#8221;0.3&#8243; width=&#8221;1\/3&#8243; tablet_width_inherit=&#8221;default&#8221; animation_type=&#8221;default&#8221; bg_image_animation=&#8221;none&#8221; border_type=&#8221;simple&#8221; column_border_width=&#8221;none&#8221; column_border_style=&#8221;solid&#8221;][image_with_animation image_url=&#8221;3562&#8243; image_size=&#8221;full&#8221; animation_type=&#8221;entrance&#8221; animation=&#8221;None&#8221; animation_movement_type=&#8221;transform_y&#8221; hover_animation=&#8221;none&#8221; alignment=&#8221;center&#8221; border_radius=&#8221;none&#8221; box_shadow=&#8221;none&#8221; image_loading=&#8221;default&#8221; max_width=&#8221;custom&#8221; max_width_custom=&#8221;123px&#8221;][divider line_type=&#8221;No Line&#8221; custom_height=&#8221;15&#8243;][nectar_responsive_text inherited_font_style=&#8221;default&#8221; text_color=&#8221;#ffffff&#8221; font_size_desktop=&#8221;13px&#8221; text_direction=&#8221;default&#8221; font_line_height=&#8221;16px&#8221;]<span style=\"font-weight: 100;\">Consultoria Funcional<\/span>[\/nectar_responsive_text][\/vc_column_inner][\/vc_row_inner][\/vc_column][\/vc_row]\n","protected":false},"excerpt":{"rendered":"<p>[vc_row type=&#8221;full_width_background&#8221; full_screen_row_position=&#8221;middle&#8221; column_margin=&#8221;default&#8221; column_direction=&#8221;default&#8221; column_direction_tablet=&#8221;default&#8221; column_direction_phone=&#8221;default&#8221; bg_image=&#8221;3503&#8243; bg_position=&#8221;center center&#8221; background_image_loading=&#8221;default&#8221; bg_repeat=&#8221;no-repeat&#8221; scene_position=&#8221;center&#8221; mouse_sensitivity=&#8221;25&#8243; layer_one_image=&#8221;2775&#8243; text_color=&#8221;light&#8221; text_align=&#8221;center&#8221; row_border_radius=&#8221;none&#8221; row_border_radius_applies=&#8221;bg&#8221; overflow=&#8221;visible&#8221; overlay_strength=&#8221;0.3&#8243; gradient_direction=&#8221;left_to_right&#8221; enable_shape_divider=&#8221;true&#8221; shape_divider_color=&#8221;#ffffff&#8221; shape_divider_position=&#8221;bottom&#8221; shape_divider_height=&#8221;90px&#8221; bg_image_animation=&#8221;none&#8221; gradient_type=&#8221;default&#8221; shape_type=&#8221;tilt_alt&#8221;][vc_column top_padding_desktop=&#8221;200px&#8221;&#8230;<\/p>\n","protected":false},"author":3,"featured_media":0,"parent":3477,"menu_order":0,"comment_status":"closed","ping_status":"closed","template":"","meta":{"inline_featured_image":false,"footnotes":""},"class_list":["post-3548","page","type-page","status-publish"],"_links":{"self":[{"href":"https:\/\/mooddie.pt\/pt\/wp-json\/wp\/v2\/pages\/3548","targetHints":{"allow":["GET"]}}],"collection":[{"href":"https:\/\/mooddie.pt\/pt\/wp-json\/wp\/v2\/pages"}],"about":[{"href":"https:\/\/mooddie.pt\/pt\/wp-json\/wp\/v2\/types\/page"}],"author":[{"embeddable":true,"href":"https:\/\/mooddie.pt\/pt\/wp-json\/wp\/v2\/users\/3"}],"replies":[{"embeddable":true,"href":"https:\/\/mooddie.pt\/pt\/wp-json\/wp\/v2\/comments?post=3548"}],"version-history":[{"count":23,"href":"https:\/\/mooddie.pt\/pt\/wp-json\/wp\/v2\/pages\/3548\/revisions"}],"predecessor-version":[{"id":3800,"href":"https:\/\/mooddie.pt\/pt\/wp-json\/wp\/v2\/pages\/3548\/revisions\/3800"}],"up":[{"embeddable":true,"href":"https:\/\/mooddie.pt\/pt\/wp-json\/wp\/v2\/pages\/3477"}],"wp:attachment":[{"href":"https:\/\/mooddie.pt\/pt\/wp-json\/wp\/v2\/media?parent=3548"}],"curies":[{"name":"wp","href":"https:\/\/api.w.org\/{rel}","templated":true}]}}