{"id":3,"date":"2024-11-25T15:51:10","date_gmt":"2024-11-25T15:51:10","guid":{"rendered":"https:\/\/mooddie.pt\/?page_id=3"},"modified":"2025-02-13T09:41:40","modified_gmt":"2025-02-13T09:41:40","slug":"politica-de-cookies-e-privacidade","status":"publish","type":"page","link":"https:\/\/mooddie.pt\/pt\/politica-de-cookies-e-privacidade\/","title":{"rendered":"pol\u00edtica de cookies e privacidade"},"content":{"rendered":"[vc_row type=&#8221;full_width_content&#8221; full_screen_row_position=&#8221;middle&#8221; column_margin=&#8221;default&#8221; equal_height=&#8221;yes&#8221; content_placement=&#8221;middle&#8221; column_direction=&#8221;default&#8221; column_direction_tablet=&#8221;default&#8221; column_direction_phone=&#8221;default&#8221; bg_color=&#8221;#ffffff&#8221; scene_position=&#8221;center&#8221; top_padding=&#8221;90&#8243; bottom_padding=&#8221;190&#8243; left_padding_desktop=&#8221;60&#8243; right_padding_desktop=&#8221;60&#8243; text_color=&#8221;dark&#8221; text_align=&#8221;left&#8221; row_border_radius=&#8221;none&#8221; row_border_radius_applies=&#8221;bg&#8221; overflow=&#8221;visible&#8221; overlay_strength=&#8221;0.3&#8243; gradient_direction=&#8221;left_to_right&#8221; shape_divider_position=&#8221;bottom&#8221; bg_image_animation=&#8221;none&#8221; gradient_type=&#8221;default&#8221; shape_type=&#8221;&#8221;][vc_column column_padding=&#8221;no-extra-padding&#8221; column_padding_tablet=&#8221;inherit&#8221; column_padding_phone=&#8221;inherit&#8221; column_padding_position=&#8221;all&#8221; column_element_direction_desktop=&#8221;default&#8221; column_element_spacing=&#8221;default&#8221; desktop_text_alignment=&#8221;default&#8221; tablet_text_alignment=&#8221;default&#8221; phone_text_alignment=&#8221;default&#8221; background_color_opacity=&#8221;1&#8243; background_hover_color_opacity=&#8221;1&#8243; column_backdrop_filter=&#8221;none&#8221; column_shadow=&#8221;none&#8221; column_border_radius=&#8221;none&#8221; column_link_target=&#8221;_self&#8221; column_position=&#8221;default&#8221; gradient_direction=&#8221;left_to_right&#8221; overlay_strength=&#8221;0.3&#8243; width=&#8221;1\/1&#8243; tablet_width_inherit=&#8221;default&#8221; animation_type=&#8221;default&#8221; bg_image_animation=&#8221;none&#8221; border_type=&#8221;simple&#8221; column_border_width=&#8221;none&#8221; column_border_style=&#8221;solid&#8221;][nectar_responsive_text inherited_font_style=&#8221;h1&#8243; text_color=&#8221;#404040&#8243; text_direction=&#8221;default&#8221;]\n<h1>Pol\u00edtica de Cookies e Privacidade<\/h1>\n[\/nectar_responsive_text][vc_column_text css_animation=&#8221;none&#8221; css=&#8221;&#8221; text_direction=&#8221;default&#8221;]Data de Vig\u00eancia: 20 de dezembro 2024<\/p>\n<p>1. Introdu\u00e7\u00e3o<\/p>\n<p>N\u00f3s, da Mooddie Digital Data Consulting, valorizamos a sua privacidade e estamos comprometidos em proteger as suas informa\u00e7\u00f5es pessoais. Esta Pol\u00edtica de Cookies e Privacidade explica como armazenamos, usamos, divulgamos e protegemos as suas informa\u00e7\u00f5es quando visita o nosso site [wwww.mooddie.pt].<\/p>\n<p>2. Informa\u00e7\u00f5es que recolhemos<\/p>\n<p>Recolhemos informa\u00e7\u00f5es pessoais que nos fornece diretamente, como o seu nome, e-mail e quaisquer outras informa\u00e7\u00f5es que nos envia ao preencher os formul\u00e1rios.<br \/>\nAl\u00e9m disso, podemos armazenar informa\u00e7\u00f5es automaticamente, como o seu endere\u00e7o de IP, tipo de navegador, p\u00e1ginas visitadas e tempo gasto no site, atrav\u00e9s de cookies.<\/p>\n<p>3. O que s\u00e3o cookies?<\/p>\n<p>Cookies s\u00e3o pequenos arquivos de texto que s\u00e3o armazenados no seu dispositivo quando visita o nosso site. Eles ajudam a melhorar a sua experi\u00eancia, armazenando as suas prefer\u00eancias e reconhecendo-o em visitas futuras.<\/p>\n<p>4. Como usamos cookies<\/p>\n<p>Utilizamos cookies para:<\/p>\n<ul>\n<li>Melhorar a funcionalidade do nosso site;<\/li>\n<li>Analisar como os visitantes utilizam o nosso site;<\/li>\n<li>Personalizar a sua experi\u00eancia no site;<\/li>\n<li>Lembrar as suas prefer\u00eancias.<\/li>\n<\/ul>\n<p>5. Tipo de cookies que usamos<\/p>\n<ul>\n<li>Cookies Necess\u00e1rios: Essenciais para o funcionamento do site.<\/li>\n<li>Cookies de Desempenho: Ajudam a entender como nossos visitantes interagem com o site.<\/li>\n<li>Cookies Funcionais: Permitem que o site lembre op\u00e7\u00f5es que voc\u00ea selecionou.<\/li>\n<li>Cookies de Publicidade: Usados para exibir an\u00fancios relevantes para voc\u00ea.<\/li>\n<\/ul>\n<p>6. Como gerenciar cookies<\/p>\n<p>Pode controlar e gerir cookies atrav\u00e9s das configura\u00e7\u00f5es do seu navegador. Pode optar por desabilitar cookies, mas pode afetar a funcionalidade do nosso site.<\/p>\n<p>7. Compartilhar informa\u00e7\u00f5es<\/p>\n<p>N\u00e3o vendemos, trocamos ou transferimos suas informa\u00e7\u00f5es pessoais a terceiros sem seu consentimento, exceto quando necess\u00e1rio para cumprir leis ou proteger nossos direitos.<\/p>\n<p>8. Seguran\u00e7a das informa\u00e7\u00f5es<\/p>\n<p>Tomamos precau\u00e7\u00f5es adequadas para proteger as suas informa\u00e7\u00f5es pessoais. No entanto, nenhuma transmiss\u00e3o de dados pela internet \u00e9 completamente segura, e n\u00e3o podemos garantir a seguran\u00e7a absoluta.<\/p>\n<p>9. Os seus direitos<\/p>\n<p>Tem o direito de acessar, corrigir ou excluir as suas informa\u00e7\u00f5es pessoais. Para exercer esses direitos, entre em contacto connosco pelo e-mail geral@mooddie.pt.<\/p>\n<p>10. Altera\u00e7\u00f5es a esta pol\u00edtica<\/p>\n<p>Podemos atualizar esta Pol\u00edtica de Cookies e Privacidade ocasionalmente. Notificaremos sobre altera\u00e7\u00f5es significativas atrav\u00e9s do site ou por e-mail.<\/p>\n<p>11. Contacto<\/p>\n<p>Se tiver d\u00favidas sobre esta Pol\u00edtica de Cookies e Privacidade, entre em contacto connosco em geral@mooddie.pt.[\/vc_column_text][\/vc_column][\/vc_row]\n","protected":false},"excerpt":{"rendered":"<p>[vc_row type=&#8221;full_width_content&#8221; full_screen_row_position=&#8221;middle&#8221; column_margin=&#8221;default&#8221; equal_height=&#8221;yes&#8221; content_placement=&#8221;middle&#8221; column_direction=&#8221;default&#8221; column_direction_tablet=&#8221;default&#8221; column_direction_phone=&#8221;default&#8221; bg_color=&#8221;#ffffff&#8221; scene_position=&#8221;center&#8221; top_padding=&#8221;90&#8243; bottom_padding=&#8221;190&#8243; left_padding_desktop=&#8221;60&#8243; right_padding_desktop=&#8221;60&#8243; text_color=&#8221;dark&#8221; text_align=&#8221;left&#8221; row_border_radius=&#8221;none&#8221; row_border_radius_applies=&#8221;bg&#8221; overflow=&#8221;visible&#8221; overlay_strength=&#8221;0.3&#8243; gradient_direction=&#8221;left_to_right&#8221; shape_divider_position=&#8221;bottom&#8221; bg_image_animation=&#8221;none&#8221; gradient_type=&#8221;default&#8221; shape_type=&#8221;&#8221;][vc_column column_padding=&#8221;no-extra-padding&#8221; column_padding_tablet=&#8221;inherit&#8221; column_padding_phone=&#8221;inherit&#8221; column_padding_position=&#8221;all&#8221;&#8230;<\/p>\n","protected":false},"author":3,"featured_media":0,"parent":0,"menu_order":0,"comment_status":"closed","ping_status":"closed","template":"","meta":{"inline_featured_image":false,"footnotes":""},"class_list":["post-3","page","type-page","status-publish"],"_links":{"self":[{"href":"https:\/\/mooddie.pt\/pt\/wp-json\/wp\/v2\/pages\/3","targetHints":{"allow":["GET"]}}],"collection":[{"href":"https:\/\/mooddie.pt\/pt\/wp-json\/wp\/v2\/pages"}],"about":[{"href":"https:\/\/mooddie.pt\/pt\/wp-json\/wp\/v2\/types\/page"}],"author":[{"embeddable":true,"href":"https:\/\/mooddie.pt\/pt\/wp-json\/wp\/v2\/users\/3"}],"replies":[{"embeddable":true,"href":"https:\/\/mooddie.pt\/pt\/wp-json\/wp\/v2\/comments?post=3"}],"version-history":[{"count":6,"href":"https:\/\/mooddie.pt\/pt\/wp-json\/wp\/v2\/pages\/3\/revisions"}],"predecessor-version":[{"id":3777,"href":"https:\/\/mooddie.pt\/pt\/wp-json\/wp\/v2\/pages\/3\/revisions\/3777"}],"wp:attachment":[{"href":"https:\/\/mooddie.pt\/pt\/wp-json\/wp\/v2\/media?parent=3"}],"curies":[{"name":"wp","href":"https:\/\/api.w.org\/{rel}","templated":true}]}}